{"id":29097,"date":"2025-10-24T10:12:47","date_gmt":"2025-10-24T10:12:47","guid":{"rendered":"https:\/\/bbrenova.com\/?page_id=29097"},"modified":"2026-04-13T13:07:59","modified_gmt":"2026-04-13T13:07:59","slug":"outdoor-renovation","status":"publish","type":"page","link":"https:\/\/bbrenova.com\/fr\/outdoor-renovation\/","title":{"rendered":"R\u00e9novation ext\u00e9rieure"},"content":{"rendered":"\t\t<div data-elementor-type=\"wp-page\" data-elementor-id=\"29097\" class=\"elementor elementor-29097\">\n\t\t\t\t\t\t<section class=\"wd-negative-gap elementor-section elementor-top-section elementor-element elementor-element-8a8aa5f elementor-section-boxed elementor-section-height-default elementor-section-height-default\" data-id=\"8a8aa5f\" data-element_type=\"section\" data-e-type=\"section\">\n\t\t\t\t\t\t<div class=\"elementor-container elementor-column-gap-default\">\n\t\t\t\t\t<div class=\"elementor-column elementor-col-33 elementor-top-column elementor-element elementor-element-8118c05\" data-id=\"8118c05\" data-element_type=\"column\" data-e-type=\"column\">\n\t\t\t<div class=\"elementor-widget-wrap elementor-element-populated\">\n\t\t\t\t\t\t<div class=\"elementor-element elementor-element-84bf0d1 elementor-widget elementor-widget-wd_banner\" data-id=\"84bf0d1\" data-element_type=\"widget\" data-e-type=\"widget\" data-widget_type=\"wd_banner.default\">\n\t\t\t\t<div class=\"elementor-widget-container\">\n\t\t\t\t\t\t\t<div class=\"promo-banner-wrapper\">\n\t\t\t<div class=\"promo-banner banner-content-background banner-hover-zoom color-scheme-dark banner-btn-size-large banner-btn-style-link banner-increased-padding wd-with-link\">\n\t\t\t\t<div class=\"main-wrapp-img\">\n\t\t\t\t\t<div class=\"banner-image wd-without-height\">\n\t\t\t\t\t\t\t\t\t\t\t\t\t\t\t\t\t\t\t\t\t<img loading=\"lazy\" decoding=\"async\" width=\"600\" height=\"600\" src=\"https:\/\/bbrenova.com\/wp-content\/uploads\/2025\/10\/50.jpg\" class=\"attachment-full size-full\" alt=\"\" srcset=\"https:\/\/bbrenova.com\/wp-content\/uploads\/2025\/10\/50.jpg 600w, https:\/\/bbrenova.com\/wp-content\/uploads\/2025\/10\/50-300x300.jpg 300w, https:\/\/bbrenova.com\/wp-content\/uploads\/2025\/10\/50-150x150.jpg 150w, https:\/\/bbrenova.com\/wp-content\/uploads\/2025\/10\/50-12x12.jpg 12w\" sizes=\"auto, (max-width: 600px) 100vw, 600px\" \/>\t\t\t\t\t\t\t\t\t\t\t\t\t\t\t\t\t\t<\/div>\n\t\t\t\t<\/div>\n\n\t\t\t\t<div class=\"wrapper-content-banner wd-fill wd-items-top wd-justify-left\">\n\t\t\t\t\t<div class=\"content-banner  text-left\">\n\t\t\t\t\t\t\n\t\t\t\t\t\t\t\t\t\t\t\t\t<h4 class=\"banner-title wd-fontsize-s\" data-elementor-setting-key=\"title\">\n\t\t\t\t\t\t\t\tGarden & Patio Renovation\t\t\t\t\t\t\t<\/h4>\n\t\t\t\t\t\t\n\t\t\t\t\t\t\n\t\t\t\t\t\t\n\t\t\t\t\t\t\t\t\t\t\t<\/div>\n\t\t\t\t<\/div>\n\n\t\t\t\t\t\t\t\t\t<a href=\"https:\/\/bbrenova.com\/garden-patio-renovation\/\" class=\"wd-promo-banner-link wd-fill\" aria-label=\"Banner link\"><\/a>\n\t\t\t\t\t\t\t<\/div>\n\t\t<\/div>\n\t\t\t\t\t\t<\/div>\n\t\t\t\t<\/div>\n\t\t\t\t<div class=\"elementor-element elementor-element-43941c8 elementor-widget elementor-widget-wd_banner\" data-id=\"43941c8\" data-element_type=\"widget\" data-e-type=\"widget\" data-widget_type=\"wd_banner.default\">\n\t\t\t\t<div class=\"elementor-widget-container\">\n\t\t\t\t\t\t\t<div class=\"promo-banner-wrapper\">\n\t\t\t<div class=\"promo-banner banner-content-background banner-hover-zoom color-scheme-dark banner-btn-size-default banner-btn-style-link banner-increased-padding wd-with-link\">\n\t\t\t\t<div class=\"main-wrapp-img\">\n\t\t\t\t\t<div class=\"banner-image wd-without-height\">\n\t\t\t\t\t\t\t\t\t\t\t\t\t\t\t\t\t\t\t\t\t<img loading=\"lazy\" decoding=\"async\" width=\"600\" height=\"600\" src=\"https:\/\/bbrenova.com\/wp-content\/uploads\/2025\/10\/49.jpg\" class=\"attachment-full size-full\" alt=\"\" srcset=\"https:\/\/bbrenova.com\/wp-content\/uploads\/2025\/10\/49.jpg 600w, https:\/\/bbrenova.com\/wp-content\/uploads\/2025\/10\/49-300x300.jpg 300w, https:\/\/bbrenova.com\/wp-content\/uploads\/2025\/10\/49-150x150.jpg 150w, https:\/\/bbrenova.com\/wp-content\/uploads\/2025\/10\/49-12x12.jpg 12w\" sizes=\"auto, (max-width: 600px) 100vw, 600px\" \/>\t\t\t\t\t\t\t\t\t\t\t\t\t\t\t\t\t\t<\/div>\n\t\t\t\t<\/div>\n\n\t\t\t\t<div class=\"wrapper-content-banner wd-fill wd-items-top wd-justify-left\">\n\t\t\t\t\t<div class=\"content-banner  text-left\">\n\t\t\t\t\t\t\n\t\t\t\t\t\t\t\t\t\t\t\t\t<h4 class=\"banner-title wd-fontsize-s\" data-elementor-setting-key=\"title\">\n\t\t\t\t\t\t\t\tFence & Gate Installation\t\t\t\t\t\t\t<\/h4>\n\t\t\t\t\t\t\n\t\t\t\t\t\t\n\t\t\t\t\t\t\n\t\t\t\t\t\t\t\t\t\t\t<\/div>\n\t\t\t\t<\/div>\n\n\t\t\t\t\t\t\t\t\t<a href=\"https:\/\/bbrenova.com\/fence-gate-installation\/\" class=\"wd-promo-banner-link wd-fill\" aria-label=\"Banner link\"><\/a>\n\t\t\t\t\t\t\t<\/div>\n\t\t<\/div>\n\t\t\t\t\t\t<\/div>\n\t\t\t\t<\/div>\n\t\t\t\t\t<\/div>\n\t\t<\/div>\n\t\t\t\t<div class=\"elementor-column elementor-col-33 elementor-top-column elementor-element elementor-element-643d2bf\" data-id=\"643d2bf\" data-element_type=\"column\" data-e-type=\"column\">\n\t\t\t<div class=\"elementor-widget-wrap elementor-element-populated\">\n\t\t\t\t\t\t<div class=\"elementor-element elementor-element-c63592f elementor-widget elementor-widget-wd_banner\" data-id=\"c63592f\" data-element_type=\"widget\" data-e-type=\"widget\" data-widget_type=\"wd_banner.default\">\n\t\t\t\t<div class=\"elementor-widget-container\">\n\t\t\t\t\t\t\t<div class=\"promo-banner-wrapper\">\n\t\t\t<div class=\"promo-banner banner-content-background banner-hover-zoom color-scheme-dark banner-btn-size-default banner-btn-style-link banner-increased-padding wd-with-link\">\n\t\t\t\t<div class=\"main-wrapp-img\">\n\t\t\t\t\t<div class=\"banner-image wd-without-height\">\n\t\t\t\t\t\t\t\t\t\t\t\t\t\t\t\t\t\t\t\t\t<img loading=\"lazy\" decoding=\"async\" width=\"600\" height=\"600\" src=\"https:\/\/bbrenova.com\/wp-content\/uploads\/2025\/10\/47.jpg\" class=\"attachment-full size-full\" alt=\"\" srcset=\"https:\/\/bbrenova.com\/wp-content\/uploads\/2025\/10\/47.jpg 600w, https:\/\/bbrenova.com\/wp-content\/uploads\/2025\/10\/47-300x300.jpg 300w, https:\/\/bbrenova.com\/wp-content\/uploads\/2025\/10\/47-150x150.jpg 150w, https:\/\/bbrenova.com\/wp-content\/uploads\/2025\/10\/47-12x12.jpg 12w\" sizes=\"auto, (max-width: 600px) 100vw, 600px\" \/>\t\t\t\t\t\t\t\t\t\t\t\t\t\t\t\t\t\t<\/div>\n\t\t\t\t<\/div>\n\n\t\t\t\t<div class=\"wrapper-content-banner wd-fill wd-items-top wd-justify-left\">\n\t\t\t\t\t<div class=\"content-banner  text-left\">\n\t\t\t\t\t\t\n\t\t\t\t\t\t\t\t\t\t\t\t\t<h4 class=\"banner-title wd-fontsize-s\" data-elementor-setting-key=\"title\">\n\t\t\t\t\t\t\t\tTerrace & Balcony Upgrades\t\t\t\t\t\t\t<\/h4>\n\t\t\t\t\t\t\n\t\t\t\t\t\t\n\t\t\t\t\t\t\n\t\t\t\t\t\t\t\t\t\t\t<\/div>\n\t\t\t\t<\/div>\n\n\t\t\t\t\t\t\t\t\t<a href=\"https:\/\/bbrenova.com\/terrace-balcony-upgrades\/\" class=\"wd-promo-banner-link wd-fill\" aria-label=\"Banner link\"><\/a>\n\t\t\t\t\t\t\t<\/div>\n\t\t<\/div>\n\t\t\t\t\t\t<\/div>\n\t\t\t\t<\/div>\n\t\t\t\t\t<\/div>\n\t\t<\/div>\n\t\t\t\t<div class=\"elementor-column elementor-col-33 elementor-top-column elementor-element elementor-element-d50cef5\" data-id=\"d50cef5\" data-element_type=\"column\" data-e-type=\"column\">\n\t\t\t<div class=\"elementor-widget-wrap elementor-element-populated\">\n\t\t\t\t\t\t<div class=\"elementor-element elementor-element-f07713b elementor-widget elementor-widget-wd_banner\" data-id=\"f07713b\" data-element_type=\"widget\" data-e-type=\"widget\" data-widget_type=\"wd_banner.default\">\n\t\t\t\t<div class=\"elementor-widget-container\">\n\t\t\t\t\t\t\t<div class=\"promo-banner-wrapper\">\n\t\t\t<div class=\"promo-banner banner-content-background banner-hover-zoom color-scheme-dark banner-btn-size-default banner-btn-style-link banner-increased-padding wd-with-link\">\n\t\t\t\t<div class=\"main-wrapp-img\">\n\t\t\t\t\t<div class=\"banner-image wd-without-height\">\n\t\t\t\t\t\t\t\t\t\t\t\t\t\t\t\t\t\t\t\t\t<img loading=\"lazy\" decoding=\"async\" width=\"600\" height=\"600\" src=\"https:\/\/bbrenova.com\/wp-content\/uploads\/2025\/10\/48.jpg\" class=\"attachment-full size-full\" alt=\"\" srcset=\"https:\/\/bbrenova.com\/wp-content\/uploads\/2025\/10\/48.jpg 600w, https:\/\/bbrenova.com\/wp-content\/uploads\/2025\/10\/48-300x300.jpg 300w, https:\/\/bbrenova.com\/wp-content\/uploads\/2025\/10\/48-150x150.jpg 150w, https:\/\/bbrenova.com\/wp-content\/uploads\/2025\/10\/48-12x12.jpg 12w\" sizes=\"auto, (max-width: 600px) 100vw, 600px\" \/>\t\t\t\t\t\t\t\t\t\t\t\t\t\t\t\t\t\t<\/div>\n\t\t\t\t<\/div>\n\n\t\t\t\t<div class=\"wrapper-content-banner wd-fill wd-items-top wd-justify-left\">\n\t\t\t\t\t<div class=\"content-banner  text-left\">\n\t\t\t\t\t\t\n\t\t\t\t\t\t\t\t\t\t\t\t\t<h4 class=\"banner-title wd-fontsize-s\" data-elementor-setting-key=\"title\">\n\t\t\t\t\t\t\t\tExterior Wall Rendering & Painting\t\t\t\t\t\t\t<\/h4>\n\t\t\t\t\t\t\n\t\t\t\t\t\t\n\t\t\t\t\t\t\n\t\t\t\t\t\t\t\t\t\t\t<\/div>\n\t\t\t\t<\/div>\n\n\t\t\t\t\t\t\t\t\t<a href=\"https:\/\/bbrenova.com\/exterior-wall-rendering-painting\/\" class=\"wd-promo-banner-link wd-fill\" aria-label=\"Banner link\"><\/a>\n\t\t\t\t\t\t\t<\/div>\n\t\t<\/div>\n\t\t\t\t\t\t<\/div>\n\t\t\t\t<\/div>\n\t\t\t\t\t<\/div>\n\t\t<\/div>\n\t\t\t\t\t<\/div>\n\t\t<\/section>\n\t\t\t\t<section class=\"wd-negative-gap elementor-section elementor-top-section elementor-element elementor-element-206fe64 elementor-section-boxed elementor-section-height-default elementor-section-height-default\" data-id=\"206fe64\" data-element_type=\"section\" data-e-type=\"section\" data-settings=\"{&quot;background_background&quot;:&quot;classic&quot;}\">\n\t\t\t\t\t\t<div class=\"elementor-container elementor-column-gap-default\">\n\t\t\t\t\t<div class=\"elementor-column elementor-col-50 elementor-top-column elementor-element elementor-element-79080d4\" data-id=\"79080d4\" data-element_type=\"column\" data-e-type=\"column\">\n\t\t\t<div class=\"elementor-widget-wrap elementor-element-populated\">\n\t\t\t\t\t\t<div class=\"elementor-element elementor-element-af88d9e wd-width-100 elementor-widget elementor-widget-wd_title\" data-id=\"af88d9e\" data-element_type=\"widget\" data-e-type=\"widget\" data-widget_type=\"wd_title.default\">\n\t\t\t\t<div class=\"elementor-widget-container\">\n\t\t\t\t\t\t\t<div class=\"title-wrapper wd-set-mb reset-last-child wd-title-color-primary wd-title-style-default wd-title-size-default text-left\">\n\n\t\t\t\n\t\t\t<div class=\"liner-continer\">\n\t\t\t\t<h4 class=\"woodmart-title-container title wd-fontsize-l\">Transform Your Outdoor Space into a Modern Escape<\/h4> \n\t\t\t\t\t\t\t<\/div>\n\n\t\t\t\t\t\t\t<div class=\"title-after_title reset-last-child wd-fontsize-xs\">\n\t\t\t\t\t<p>From elegant patios and landscaped gardens to durable fences and driveways \u2014 BBRENOVA BV creates outdoor spaces that blend beauty, comfort, and functionality.<\/p><p>\u00a0<\/p>\t\t\t\t<\/div>\n\t\t\t\t\t<\/div>\n\t\t\t\t\t\t<\/div>\n\t\t\t\t<\/div>\n\t\t\t\t<div class=\"elementor-element elementor-element-27c3c7e elementor-widget elementor-widget-shortcode\" data-id=\"27c3c7e\" data-element_type=\"widget\" data-e-type=\"widget\" data-widget_type=\"shortcode.default\">\n\t\t\t\t\t\t\t<div class=\"elementor-shortcode\">[bbrenova_calculator]<\/div>\n\t\t\t\t\t\t<\/div>\n\t\t\t\t\t<\/div>\n\t\t<\/div>\n\t\t\t\t<div class=\"elementor-column elementor-col-50 elementor-top-column elementor-element elementor-element-33aa893\" data-id=\"33aa893\" data-element_type=\"column\" data-e-type=\"column\">\n\t\t\t<div class=\"elementor-widget-wrap elementor-element-populated\">\n\t\t\t\t\t\t<div class=\"elementor-element elementor-element-5cc8618 elementor-widget elementor-widget-wd_image_or_svg\" data-id=\"5cc8618\" data-element_type=\"widget\" data-e-type=\"widget\" data-widget_type=\"wd_image_or_svg.default\">\n\t\t\t\t<div class=\"elementor-widget-container\">\n\t\t\t\t\t\n\t\t<div class=\"wd-image text-left\">\n\t\t\t\t\t\t\t\t<img loading=\"lazy\" decoding=\"async\" width=\"600\" height=\"600\" src=\"https:\/\/bbrenova.com\/wp-content\/uploads\/2025\/10\/Untitled-design-55.jpg\" class=\"attachment-full size-full\" alt=\"\" srcset=\"https:\/\/bbrenova.com\/wp-content\/uploads\/2025\/10\/Untitled-design-55.jpg 600w, https:\/\/bbrenova.com\/wp-content\/uploads\/2025\/10\/Untitled-design-55-300x300.jpg 300w, https:\/\/bbrenova.com\/wp-content\/uploads\/2025\/10\/Untitled-design-55-150x150.jpg 150w, https:\/\/bbrenova.com\/wp-content\/uploads\/2025\/10\/Untitled-design-55-12x12.jpg 12w\" sizes=\"auto, (max-width: 600px) 100vw, 600px\" \/>\t\t\t\t\t<\/div>\n\n\t\t\t\t\t\t<\/div>\n\t\t\t\t<\/div>\n\t\t\t\t\t<\/div>\n\t\t<\/div>\n\t\t\t\t\t<\/div>\n\t\t<\/section>\n\t\t\t\t<\/div>\n\t\t","protected":false},"excerpt":{"rendered":"<p>R\u00e9novation de jardins et de patios Installation de cl\u00f4tures et de portails R\u00e9novation de terrasses et de balcons Rendu et peinture de murs ext\u00e9rieurs Transformez votre ext\u00e9rieur<\/p>","protected":false},"author":1,"featured_media":0,"parent":0,"menu_order":0,"comment_status":"closed","ping_status":"closed","template":"elementor_header_footer","meta":{"footnotes":""},"class_list":["post-29097","page","type-page","status-publish","hentry"],"_links":{"self":[{"href":"https:\/\/bbrenova.com\/fr\/wp-json\/wp\/v2\/pages\/29097","targetHints":{"allow":["GET"]}}],"collection":[{"href":"https:\/\/bbrenova.com\/fr\/wp-json\/wp\/v2\/pages"}],"about":[{"href":"https:\/\/bbrenova.com\/fr\/wp-json\/wp\/v2\/types\/page"}],"author":[{"embeddable":true,"href":"https:\/\/bbrenova.com\/fr\/wp-json\/wp\/v2\/users\/1"}],"replies":[{"embeddable":true,"href":"https:\/\/bbrenova.com\/fr\/wp-json\/wp\/v2\/comments?post=29097"}],"version-history":[{"count":11,"href":"https:\/\/bbrenova.com\/fr\/wp-json\/wp\/v2\/pages\/29097\/revisions"}],"predecessor-version":[{"id":30464,"href":"https:\/\/bbrenova.com\/fr\/wp-json\/wp\/v2\/pages\/29097\/revisions\/30464"}],"wp:attachment":[{"href":"https:\/\/bbrenova.com\/fr\/wp-json\/wp\/v2\/media?parent=29097"}],"curies":[{"name":"wp","href":"https:\/\/api.w.org\/{rel}","templated":true}]}}