{"id":29102,"date":"2025-10-24T10:13:38","date_gmt":"2025-10-24T10:13:38","guid":{"rendered":"https:\/\/bbrenova.com\/?page_id=29102"},"modified":"2026-04-13T13:11:08","modified_gmt":"2026-04-13T13:11:08","slug":"structural-construction-works","status":"publish","type":"page","link":"https:\/\/bbrenova.com\/fr\/structural-construction-works\/","title":{"rendered":"Travaux de structure et de construction"},"content":{"rendered":"\t\t<div data-elementor-type=\"wp-page\" data-elementor-id=\"29102\" class=\"elementor elementor-29102\">\n\t\t\t\t\t\t<section class=\"wd-negative-gap elementor-section elementor-top-section elementor-element elementor-element-ccd646e elementor-section-boxed elementor-section-height-default elementor-section-height-default\" data-id=\"ccd646e\" data-element_type=\"section\" data-e-type=\"section\">\n\t\t\t\t\t\t<div class=\"elementor-container elementor-column-gap-default\">\n\t\t\t\t\t<div class=\"elementor-column elementor-col-50 elementor-top-column elementor-element elementor-element-e8f58fc\" data-id=\"e8f58fc\" data-element_type=\"column\" data-e-type=\"column\">\n\t\t\t<div class=\"elementor-widget-wrap elementor-element-populated\">\n\t\t\t\t\t\t<div class=\"elementor-element elementor-element-fd2747b elementor-widget elementor-widget-wd_banner\" data-id=\"fd2747b\" data-element_type=\"widget\" data-e-type=\"widget\" data-widget_type=\"wd_banner.default\">\n\t\t\t\t<div class=\"elementor-widget-container\">\n\t\t\t\t\t\t\t<div class=\"promo-banner-wrapper\">\n\t\t\t<div class=\"promo-banner banner-content-background banner-hover-zoom color-scheme-dark banner-btn-size-large banner-btn-style-link banner-increased-padding wd-with-link\">\n\t\t\t\t<div class=\"main-wrapp-img\">\n\t\t\t\t\t<div class=\"banner-image wd-without-height\">\n\t\t\t\t\t\t\t\t\t\t\t\t\t\t\t\t\t\t\t\t\t<img loading=\"lazy\" decoding=\"async\" width=\"600\" height=\"600\" src=\"https:\/\/bbrenova.com\/wp-content\/uploads\/2025\/10\/Untitled-design-50.jpg\" class=\"attachment-full size-full\" alt=\"\" srcset=\"https:\/\/bbrenova.com\/wp-content\/uploads\/2025\/10\/Untitled-design-50.jpg 600w, https:\/\/bbrenova.com\/wp-content\/uploads\/2025\/10\/Untitled-design-50-300x300.jpg 300w, https:\/\/bbrenova.com\/wp-content\/uploads\/2025\/10\/Untitled-design-50-150x150.jpg 150w, https:\/\/bbrenova.com\/wp-content\/uploads\/2025\/10\/Untitled-design-50-12x12.jpg 12w\" sizes=\"auto, (max-width: 600px) 100vw, 600px\" \/>\t\t\t\t\t\t\t\t\t\t\t\t\t\t\t\t\t\t<\/div>\n\t\t\t\t<\/div>\n\n\t\t\t\t<div class=\"wrapper-content-banner wd-fill wd-items-top wd-justify-left\">\n\t\t\t\t\t<div class=\"content-banner  text-left\">\n\t\t\t\t\t\t\n\t\t\t\t\t\t\t\t\t\t\t\t\t<h4 class=\"banner-title wd-fontsize-s\" data-elementor-setting-key=\"title\">\n\t\t\t\t\t\t\t\tMasonry & Brickwork\t\t\t\t\t\t\t<\/h4>\n\t\t\t\t\t\t\n\t\t\t\t\t\t\n\t\t\t\t\t\t\n\t\t\t\t\t\t\t\t\t\t\t<\/div>\n\t\t\t\t<\/div>\n\n\t\t\t\t\t\t\t\t\t<a href=\"https:\/\/bbrenova.com\/masonry-brickwork\/\" class=\"wd-promo-banner-link wd-fill\" aria-label=\"Banner link\"><\/a>\n\t\t\t\t\t\t\t<\/div>\n\t\t<\/div>\n\t\t\t\t\t\t<\/div>\n\t\t\t\t<\/div>\n\t\t\t\t<div class=\"elementor-element elementor-element-5708e88 elementor-widget elementor-widget-wd_banner\" data-id=\"5708e88\" data-element_type=\"widget\" data-e-type=\"widget\" data-widget_type=\"wd_banner.default\">\n\t\t\t\t<div class=\"elementor-widget-container\">\n\t\t\t\t\t\t\t<div class=\"promo-banner-wrapper\">\n\t\t\t<div class=\"promo-banner banner-content-background banner-hover-zoom color-scheme-dark banner-btn-size-default banner-btn-style-link banner-increased-padding wd-with-link\">\n\t\t\t\t<div class=\"main-wrapp-img\">\n\t\t\t\t\t<div class=\"banner-image wd-without-height\">\n\t\t\t\t\t\t\t\t\t\t\t\t\t\t\t\t\t\t\t\t\t<img loading=\"lazy\" decoding=\"async\" width=\"800\" height=\"800\" src=\"https:\/\/bbrenova.com\/wp-content\/uploads\/2025\/10\/Untitled-design-39.png\" class=\"attachment-full size-full\" alt=\"\" srcset=\"https:\/\/bbrenova.com\/wp-content\/uploads\/2025\/10\/Untitled-design-39.png 800w, https:\/\/bbrenova.com\/wp-content\/uploads\/2025\/10\/Untitled-design-39-300x300.png 300w, https:\/\/bbrenova.com\/wp-content\/uploads\/2025\/10\/Untitled-design-39-150x150.png 150w, https:\/\/bbrenova.com\/wp-content\/uploads\/2025\/10\/Untitled-design-39-768x768.png 768w\" sizes=\"auto, (max-width: 800px) 100vw, 800px\" \/>\t\t\t\t\t\t\t\t\t\t\t\t\t\t\t\t\t\t<\/div>\n\t\t\t\t<\/div>\n\n\t\t\t\t<div class=\"wrapper-content-banner wd-fill wd-items-top wd-justify-left\">\n\t\t\t\t\t<div class=\"content-banner  text-left\">\n\t\t\t\t\t\t\n\t\t\t\t\t\t\t\t\t\t\t\t\t<h4 class=\"banner-title wd-fontsize-s\" data-elementor-setting-key=\"title\">\n\t\t\t\t\t\t\t\tBathroom Renovation\t\t\t\t\t\t\t<\/h4>\n\t\t\t\t\t\t\n\t\t\t\t\t\t\n\t\t\t\t\t\t\n\t\t\t\t\t\t\t\t\t\t\t<\/div>\n\t\t\t\t<\/div>\n\n\t\t\t\t\t\t\t\t\t<a href=\"https:\/\/bbrenova.com\/bathroom-renovation\/\" class=\"wd-promo-banner-link wd-fill\" aria-label=\"Banner link\"><\/a>\n\t\t\t\t\t\t\t<\/div>\n\t\t<\/div>\n\t\t\t\t\t\t<\/div>\n\t\t\t\t<\/div>\n\t\t\t\t\t<\/div>\n\t\t<\/div>\n\t\t\t\t<div class=\"elementor-column elementor-col-50 elementor-top-column elementor-element elementor-element-c671dcd\" data-id=\"c671dcd\" data-element_type=\"column\" data-e-type=\"column\">\n\t\t\t<div class=\"elementor-widget-wrap elementor-element-populated\">\n\t\t\t\t\t\t<div class=\"elementor-element elementor-element-522f3f8 elementor-widget elementor-widget-wd_banner\" data-id=\"522f3f8\" data-element_type=\"widget\" data-e-type=\"widget\" data-widget_type=\"wd_banner.default\">\n\t\t\t\t<div class=\"elementor-widget-container\">\n\t\t\t\t\t\t\t<div class=\"promo-banner-wrapper\">\n\t\t\t<div class=\"promo-banner banner-content-background banner-hover-zoom color-scheme-dark banner-btn-size-default banner-btn-style-link banner-increased-padding wd-with-link\">\n\t\t\t\t<div class=\"main-wrapp-img\">\n\t\t\t\t\t<div class=\"banner-image wd-without-height\">\n\t\t\t\t\t\t\t\t\t\t\t\t\t\t\t\t\t\t\t\t\t<img loading=\"lazy\" decoding=\"async\" width=\"600\" height=\"600\" src=\"https:\/\/bbrenova.com\/wp-content\/uploads\/2025\/10\/Untitled-design-51.jpg\" class=\"attachment-full size-full\" alt=\"\" srcset=\"https:\/\/bbrenova.com\/wp-content\/uploads\/2025\/10\/Untitled-design-51.jpg 600w, https:\/\/bbrenova.com\/wp-content\/uploads\/2025\/10\/Untitled-design-51-300x300.jpg 300w, https:\/\/bbrenova.com\/wp-content\/uploads\/2025\/10\/Untitled-design-51-150x150.jpg 150w, https:\/\/bbrenova.com\/wp-content\/uploads\/2025\/10\/Untitled-design-51-12x12.jpg 12w\" sizes=\"auto, (max-width: 600px) 100vw, 600px\" \/>\t\t\t\t\t\t\t\t\t\t\t\t\t\t\t\t\t\t<\/div>\n\t\t\t\t<\/div>\n\n\t\t\t\t<div class=\"wrapper-content-banner wd-fill wd-items-top wd-justify-left\">\n\t\t\t\t\t<div class=\"content-banner  text-left\">\n\t\t\t\t\t\t\n\t\t\t\t\t\t\t\t\t\t\t\t\t<h4 class=\"banner-title wd-fontsize-s\" data-elementor-setting-key=\"title\">\n\t\t\t\t\t\t\t\tWall Removal & Reconfiguration\t\t\t\t\t\t\t<\/h4>\n\t\t\t\t\t\t\n\t\t\t\t\t\t\n\t\t\t\t\t\t\n\t\t\t\t\t\t\t\t\t\t\t<\/div>\n\t\t\t\t<\/div>\n\n\t\t\t\t\t\t\t\t\t<a href=\"https:\/\/bbrenova.com\/wall-removal-reconfiguration\/\" class=\"wd-promo-banner-link wd-fill\" aria-label=\"Banner link\"><\/a>\n\t\t\t\t\t\t\t<\/div>\n\t\t<\/div>\n\t\t\t\t\t\t<\/div>\n\t\t\t\t<\/div>\n\t\t\t\t<section class=\"wd-negative-gap elementor-section elementor-inner-section elementor-element elementor-element-baf9325 elementor-section-boxed elementor-section-height-default elementor-section-height-default\" data-id=\"baf9325\" data-element_type=\"section\" data-e-type=\"section\">\n\t\t\t\t\t\t<div class=\"elementor-container elementor-column-gap-default\">\n\t\t\t\t\t<div class=\"elementor-column elementor-col-50 elementor-inner-column elementor-element elementor-element-f917602\" data-id=\"f917602\" data-element_type=\"column\" data-e-type=\"column\">\n\t\t\t<div class=\"elementor-widget-wrap elementor-element-populated\">\n\t\t\t\t\t\t<div class=\"elementor-element elementor-element-2e9ff0d elementor-widget elementor-widget-wd_banner\" data-id=\"2e9ff0d\" data-element_type=\"widget\" data-e-type=\"widget\" data-widget_type=\"wd_banner.default\">\n\t\t\t\t<div class=\"elementor-widget-container\">\n\t\t\t\t\t\t\t<div class=\"promo-banner-wrapper\">\n\t\t\t<div class=\"promo-banner banner-content-background banner-hover-zoom color-scheme-dark banner-btn-size-default banner-btn-style-link banner-increased-padding wd-with-link\">\n\t\t\t\t<div class=\"main-wrapp-img\">\n\t\t\t\t\t<div class=\"banner-image wd-without-height\">\n\t\t\t\t\t\t\t\t\t\t\t\t\t\t\t\t\t\t\t\t\t<img loading=\"lazy\" decoding=\"async\" width=\"666\" height=\"570\" src=\"https:\/\/bbrenova.com\/wp-content\/uploads\/2025\/10\/Untitled-design-41.png\" class=\"attachment-full size-full\" alt=\"\" srcset=\"https:\/\/bbrenova.com\/wp-content\/uploads\/2025\/10\/Untitled-design-41.png 666w, https:\/\/bbrenova.com\/wp-content\/uploads\/2025\/10\/Untitled-design-41-351x300.png 351w\" sizes=\"auto, (max-width: 666px) 100vw, 666px\" \/>\t\t\t\t\t\t\t\t\t\t\t\t\t\t\t\t\t\t<\/div>\n\t\t\t\t<\/div>\n\n\t\t\t\t<div class=\"wrapper-content-banner wd-fill wd-items-top wd-justify-left\">\n\t\t\t\t\t<div class=\"content-banner  text-left\">\n\t\t\t\t\t\t\n\t\t\t\t\t\t\t\t\t\t\t\t\t<h4 class=\"banner-title wd-fontsize-s\" data-elementor-setting-key=\"title\">\n\t\t\t\t\t\t\t\tOutdoor Works\t\t\t\t\t\t\t<\/h4>\n\t\t\t\t\t\t\n\t\t\t\t\t\t\n\t\t\t\t\t\t\n\t\t\t\t\t\t\t\t\t\t\t<\/div>\n\t\t\t\t<\/div>\n\n\t\t\t\t\t\t\t\t\t<a href=\"https:\/\/bbrenova.com\/outdoor-garden-renovation\/\" class=\"wd-promo-banner-link wd-fill\" aria-label=\"Banner link\"><\/a>\n\t\t\t\t\t\t\t<\/div>\n\t\t<\/div>\n\t\t\t\t\t\t<\/div>\n\t\t\t\t<\/div>\n\t\t\t\t\t<\/div>\n\t\t<\/div>\n\t\t\t\t<div class=\"elementor-column elementor-col-50 elementor-top-column elementor-element elementor-element-fe49925 elementor-hidden-phone\" data-id=\"fe49925\" data-element_type=\"column\" data-e-type=\"column\">\n\t\t\t<div class=\"elementor-widget-wrap elementor-element-populated\">\n\t\t\t\t\t\t<div class=\"elementor-element elementor-element-21fb65e elementor-widget elementor-widget-wd_banner\" data-id=\"21fb65e\" data-element_type=\"widget\" data-e-type=\"widget\" data-widget_type=\"wd_banner.default\">\n\t\t\t\t<div class=\"elementor-widget-container\">\n\t\t\t\t\t\t\t<div class=\"promo-banner-wrapper\">\n\t\t\t<div class=\"promo-banner banner-content-background banner-hover-zoom color-scheme-dark banner-btn-size-default banner-btn-style-default wd-with-link\">\n\t\t\t\t<div class=\"main-wrapp-img\">\n\t\t\t\t\t<div class=\"banner-image wd-without-height\">\n\t\t\t\t\t\t\t\t\t\t\t\t\t\t\t\t\t\t\t\t\t<img loading=\"lazy\" decoding=\"async\" width=\"464\" height=\"570\" src=\"https:\/\/bbrenova.com\/wp-content\/uploads\/2025\/10\/Untitled-design-37.png\" class=\"attachment-full size-full\" alt=\"\" srcset=\"https:\/\/bbrenova.com\/wp-content\/uploads\/2025\/10\/Untitled-design-37.png 464w, https:\/\/bbrenova.com\/wp-content\/uploads\/2025\/10\/Untitled-design-37-244x300.png 244w\" sizes=\"auto, (max-width: 464px) 100vw, 464px\" \/>\t\t\t\t\t\t\t\t\t\t\t\t\t\t\t\t\t\t<\/div>\n\t\t\t\t<\/div>\n\n\t\t\t\t<div class=\"wrapper-content-banner wd-fill wd-items-top wd-justify-left\">\n\t\t\t\t\t<div class=\"content-banner  text-left\">\n\t\t\t\t\t\t\n\t\t\t\t\t\t\t\t\t\t\t\t\t<h4 class=\"banner-title wd-fontsize-l\" data-elementor-setting-key=\"title\">\n\t\t\t\t\t\t\t\tElectrical & Plumbing\t\t\t\t\t\t\t<\/h4>\n\t\t\t\t\t\t\n\t\t\t\t\t\t\n\t\t\t\t\t\t\n\t\t\t\t\t\t\t\t\t\t\t<\/div>\n\t\t\t\t<\/div>\n\n\t\t\t\t\t\t\t\t\t<a href=\"https:\/\/bbrenova.com\/electrical-installations-rewiring\/\" class=\"wd-promo-banner-link wd-fill\" aria-label=\"Banner link\"><\/a>\n\t\t\t\t\t\t\t<\/div>\n\t\t<\/div>\n\t\t\t\t\t\t<\/div>\n\t\t\t\t<\/div>\n\t\t\t\t\t<\/div>\n\t\t<\/div>\n\t\t\t\t\t<\/div>\n\t\t<\/section>\n\t\t\t\t<div class=\"elementor-element elementor-element-81f42ab elementor-widget elementor-widget-wd_banner\" data-id=\"81f42ab\" data-element_type=\"widget\" data-e-type=\"widget\" data-widget_type=\"wd_banner.default\">\n\t\t\t\t<div class=\"elementor-widget-container\">\n\t\t\t\t\t\t\t<div class=\"promo-banner-wrapper\">\n\t\t\t<div class=\"promo-banner banner-content-background banner-hover-zoom color-scheme-dark banner-btn-size-default banner-btn-style-link banner-increased-padding wd-with-link\">\n\t\t\t\t<div class=\"main-wrapp-img\">\n\t\t\t\t\t<div class=\"banner-image wd-without-height\">\n\t\t\t\t\t\t\t\t\t\t\t\t\t\t\t\t\t\t\t\t\t<img loading=\"lazy\" decoding=\"async\" width=\"1000\" height=\"480\" src=\"https:\/\/bbrenova.com\/wp-content\/uploads\/2025\/10\/Untitled-design-38.png\" class=\"attachment-full size-full\" alt=\"\" srcset=\"https:\/\/bbrenova.com\/wp-content\/uploads\/2025\/10\/Untitled-design-38.png 1000w, https:\/\/bbrenova.com\/wp-content\/uploads\/2025\/10\/Untitled-design-38-400x192.png 400w, https:\/\/bbrenova.com\/wp-content\/uploads\/2025\/10\/Untitled-design-38-768x369.png 768w\" sizes=\"auto, (max-width: 1000px) 100vw, 1000px\" \/>\t\t\t\t\t\t\t\t\t\t\t\t\t\t\t\t\t\t<\/div>\n\t\t\t\t<\/div>\n\n\t\t\t\t<div class=\"wrapper-content-banner wd-fill wd-items-top wd-justify-left\">\n\t\t\t\t\t<div class=\"content-banner  text-left\">\n\t\t\t\t\t\t\n\t\t\t\t\t\t\t\t\t\t\t\t\t<h4 class=\"banner-title wd-fontsize-s\" data-elementor-setting-key=\"title\">\n\t\t\t\t\t\t\t\tKitchen Renovation\t\t\t\t\t\t\t<\/h4>\n\t\t\t\t\t\t\n\t\t\t\t\t\t\n\t\t\t\t\t\t\n\t\t\t\t\t\t\t\t\t\t\t<\/div>\n\t\t\t\t<\/div>\n\n\t\t\t\t\t\t\t\t\t<a href=\"https:\/\/bbrenova.com\/kitchen-renovation\/\" class=\"wd-promo-banner-link wd-fill\" aria-label=\"Banner link\"><\/a>\n\t\t\t\t\t\t\t<\/div>\n\t\t<\/div>\n\t\t\t\t\t\t<\/div>\n\t\t\t\t<\/div>\n\t\t\t\t\t<\/div>\n\t\t<\/div>\n\t\t\t\t\t<\/div>\n\t\t<\/section>\n\t\t\t\t<section class=\"wd-negative-gap elementor-section elementor-top-section elementor-element elementor-element-754f6dc elementor-section-boxed elementor-section-height-default elementor-section-height-default\" data-id=\"754f6dc\" data-element_type=\"section\" data-e-type=\"section\" data-settings=\"{&quot;background_background&quot;:&quot;classic&quot;}\">\n\t\t\t\t\t\t<div class=\"elementor-container elementor-column-gap-default\">\n\t\t\t\t\t<div class=\"elementor-column elementor-col-50 elementor-top-column elementor-element elementor-element-e893820\" data-id=\"e893820\" data-element_type=\"column\" data-e-type=\"column\">\n\t\t\t<div class=\"elementor-widget-wrap elementor-element-populated\">\n\t\t\t\t\t\t<div class=\"elementor-element elementor-element-a71d887 wd-width-100 elementor-widget elementor-widget-wd_title\" data-id=\"a71d887\" data-element_type=\"widget\" data-e-type=\"widget\" data-widget_type=\"wd_title.default\">\n\t\t\t\t<div class=\"elementor-widget-container\">\n\t\t\t\t\t\t\t<div class=\"title-wrapper wd-set-mb reset-last-child wd-title-color-primary wd-title-style-default wd-title-size-default text-left\">\n\n\t\t\t\n\t\t\t<div class=\"liner-continer\">\n\t\t\t\t<h4 class=\"woodmart-title-container title wd-fontsize-l\">Building Strength That Lasts<\/h4> \n\t\t\t\t\t\t\t<\/div>\n\n\t\t\t\t\t\t\t<div class=\"title-after_title reset-last-child wd-fontsize-xs\">\n\t\t\t\t\t<p>From foundations to finishing \u2014 expert structural and construction services built on trust and precision.<\/p><p>\u00a0<\/p>\t\t\t\t<\/div>\n\t\t\t\t\t<\/div>\n\t\t\t\t\t\t<\/div>\n\t\t\t\t<\/div>\n\t\t\t\t<div class=\"elementor-element elementor-element-cd63f30 elementor-widget elementor-widget-shortcode\" data-id=\"cd63f30\" data-element_type=\"widget\" data-e-type=\"widget\" data-widget_type=\"shortcode.default\">\n\t\t\t\t\t\t\t<div class=\"elementor-shortcode\">[bbrenova_calculator]<\/div>\n\t\t\t\t\t\t<\/div>\n\t\t\t\t\t<\/div>\n\t\t<\/div>\n\t\t\t\t<div class=\"elementor-column elementor-col-50 elementor-top-column elementor-element elementor-element-19a598e\" data-id=\"19a598e\" data-element_type=\"column\" data-e-type=\"column\">\n\t\t\t<div class=\"elementor-widget-wrap elementor-element-populated\">\n\t\t\t\t\t\t<div class=\"elementor-element elementor-element-7afb9b5 elementor-widget elementor-widget-wd_image_or_svg\" data-id=\"7afb9b5\" data-element_type=\"widget\" data-e-type=\"widget\" data-widget_type=\"wd_image_or_svg.default\">\n\t\t\t\t<div class=\"elementor-widget-container\">\n\t\t\t\t\t\n\t\t<div class=\"wd-image text-left\">\n\t\t\t\t\t\t\t\t<img loading=\"lazy\" decoding=\"async\" width=\"600\" height=\"600\" src=\"https:\/\/bbrenova.com\/wp-content\/uploads\/2025\/10\/Untitled-design-49.jpg\" class=\"attachment-full size-full\" alt=\"\" srcset=\"https:\/\/bbrenova.com\/wp-content\/uploads\/2025\/10\/Untitled-design-49.jpg 600w, https:\/\/bbrenova.com\/wp-content\/uploads\/2025\/10\/Untitled-design-49-300x300.jpg 300w, https:\/\/bbrenova.com\/wp-content\/uploads\/2025\/10\/Untitled-design-49-150x150.jpg 150w, https:\/\/bbrenova.com\/wp-content\/uploads\/2025\/10\/Untitled-design-49-12x12.jpg 12w\" sizes=\"auto, (max-width: 600px) 100vw, 600px\" \/>\t\t\t\t\t<\/div>\n\n\t\t\t\t\t\t<\/div>\n\t\t\t\t<\/div>\n\t\t\t\t\t<\/div>\n\t\t<\/div>\n\t\t\t\t\t<\/div>\n\t\t<\/section>\n\t\t\t\t<\/div>\n\t\t","protected":false},"excerpt":{"rendered":"<p>Ma\u00e7onnerie et ma\u00e7onnerie R\u00e9novation de salle de bains Suppression et reconfiguration de murs Travaux ext\u00e9rieurs \u00c9lectricit\u00e9 et plomberie R\u00e9novation de cuisine Construire une force qui dure<\/p>","protected":false},"author":1,"featured_media":0,"parent":0,"menu_order":0,"comment_status":"closed","ping_status":"closed","template":"elementor_header_footer","meta":{"footnotes":""},"class_list":["post-29102","page","type-page","status-publish","hentry"],"_links":{"self":[{"href":"https:\/\/bbrenova.com\/fr\/wp-json\/wp\/v2\/pages\/29102","targetHints":{"allow":["GET"]}}],"collection":[{"href":"https:\/\/bbrenova.com\/fr\/wp-json\/wp\/v2\/pages"}],"about":[{"href":"https:\/\/bbrenova.com\/fr\/wp-json\/wp\/v2\/types\/page"}],"author":[{"embeddable":true,"href":"https:\/\/bbrenova.com\/fr\/wp-json\/wp\/v2\/users\/1"}],"replies":[{"embeddable":true,"href":"https:\/\/bbrenova.com\/fr\/wp-json\/wp\/v2\/comments?post=29102"}],"version-history":[{"count":25,"href":"https:\/\/bbrenova.com\/fr\/wp-json\/wp\/v2\/pages\/29102\/revisions"}],"predecessor-version":[{"id":30424,"href":"https:\/\/bbrenova.com\/fr\/wp-json\/wp\/v2\/pages\/29102\/revisions\/30424"}],"wp:attachment":[{"href":"https:\/\/bbrenova.com\/fr\/wp-json\/wp\/v2\/media?parent=29102"}],"curies":[{"name":"wp","href":"https:\/\/api.w.org\/{rel}","templated":true}]}}